{"id":1792,"date":"2022-08-18T22:04:08","date_gmt":"2022-08-18T22:04:08","guid":{"rendered":"https:\/\/villa-felostal.com\/impressum\/"},"modified":"2022-08-18T22:04:08","modified_gmt":"2022-08-18T22:04:08","slug":"impressum","status":"publish","type":"page","link":"https:\/\/villa-felostal.com\/es\/impressum\/","title":{"rendered":"Impressum"},"content":{"rendered":"<!--themify_builder_content-->\n<div id=\"themify_builder_content-1792\" data-postid=\"1792\" class=\"themify_builder_content themify_builder_content-1792 themify_builder tf_clear\">\n                    <div  data-css_id=\"ac7o206\" data-lazy=\"1\" class=\"module_row themify_builder_row fullwidth tb_ac7o206 tb_first tf_w\" data-tbfullwidthvideo=\"https:\/\/vimeo.com\/710984213\">\n                        <div class=\"row_inner col_align_top tb_col_count_1 tf_box tf_rel\">\n                        <div  data-lazy=\"1\" class=\"module_column tb-column col-full tb_l8p0207 first\">\n                    <!-- module text -->\n<div  class=\"module module-text tb_zawb900  repeat \" data-lazy=\"1\">\n        <div  class=\"tb_text_wrap\">\n        <h1 style=\"text-align: center;\">Impressum<\/h1>    <\/div>\n<\/div>\n<!-- \/module text -->        <\/div>\n                        <\/div>\n        <\/div>\n                        <div  data-css_id=\"kfui206\" data-lazy=\"1\" class=\"module_row themify_builder_row fullwidth tb_kfui206 tf_w\">\n                        <div class=\"row_inner col_align_top tb_col_count_1 tf_box tf_rel\">\n                        <div  data-lazy=\"1\" class=\"module_column tb-column col-full tb_6d1i213 first\">\n                    <!-- module text -->\n<div  class=\"module module-text tb_6j0h909   \" data-lazy=\"1\">\n        <div  class=\"tb_text_wrap\">\n        <h2 style=\"text-align: center;\">Operador<\/h2>\n<p style=\"text-align: center;\">Michelle Moews<\/p>\n<h2 style=\"text-align: center;\">Direcci\u00f3n<\/h2>\n<p style=\"text-align: center;\">Y2653984M<br>Carrer Llu\u00eds Ripoll 16<br>07007 Palma<\/p>\n<p style=\"text-align: center;\">Tel.: <a href=\"tel:+34660633662\" target=\"_blank\" rel=\"noreferrer noopener\">+34 660 633 662<\/a><\/p>\n<h2 style=\"text-align: center;\">Contacto<\/h2>\n<p style=\"text-align: center;\"><a href=\"mailto:info@villa-felostal.com\">info@villa-felosta.com<\/a><\/p>\n<p style=\"text-align: center;\">Concepto y dise\u00f1o del sitio web<br><a href=\"http:\/\/www.klappeaction.de\">Klappe Action<\/a><\/p>    <\/div>\n<\/div>\n<!-- \/module text -->        <\/div>\n                        <\/div>\n        <\/div>\n                        <div  data-css_id=\"y1o5206\" data-lazy=\"1\" class=\"module_row themify_builder_row fullwidth tb_y1o5206 tf_w\">\n                        <div class=\"row_inner col_align_top tb_col_count_1 tf_box tf_rel\">\n                        <div  data-lazy=\"1\" class=\"module_column tb-column col-full tb_uc63214 first\">\n                    <!-- module template_part -->\n<div  class=\"module module-layout-part tb_q6ma214 \">\n    <div class=\"tb_layout_part_wrap tf_w\"><!--themify_builder_content-->\n    <div  class=\"themify_builder_content themify_builder_content-2507 themify_builder not_editable_builder in_the_loop\" data-postid=\"2507\">\n                        <div  data-anchor=\"kontakt\" data-css_id=\"eesp493\" data-lazy=\"1\" class=\"module_row themify_builder_row fullwidth tb_has_section tb_section-kontakt tb_eesp493 tf_w\">\n            <span  class=\"builder_row_cover tf_abs\" data-lazy=\"1\"><\/span>            <div class=\"row_inner col_align_middle tb_col_count_2 tf_box tf_rel\">\n                        <div  data-lazy=\"1\" class=\"module_column tb-column col4-2 tb_2x3i493 first\">\n                    <!-- module text -->\n<div  class=\"module module-text tb_108o493   \" data-lazy=\"1\">\n        <div  class=\"tb_text_wrap\">\n        <h2>\u00bfAlguna pregunta? S\u00f3lo tiene que ponerse en contacto con nosotros.<\/h2>    <\/div>\n<\/div>\n<!-- \/module text --><!-- module text -->\n<div  class=\"module module-text tb_shxk493   \" data-lazy=\"1\">\n        <div  class=\"tb_text_wrap\">\n        <p>Su opini\u00f3n es importante para nosotros. Tanto si tiene una pregunta como una sugerencia, estamos a su disposici\u00f3n. Puede llamarnos, ponerse en contacto con nosotros por Whatsapp o escribirnos un mensaje a trav\u00e9s del formulario de contacto.<\/p>    <\/div>\n<\/div>\n<!-- \/module text -->        <div  data-lazy=\"1\" class=\"module_subrow themify_builder_sub_row tf_w col_align_top gutter-none tb_col_count_2 tb_4pa5493\">\n                <div  data-lazy=\"1\" class=\"module_column sub_column tb_gozg493 first\">\n                    <!-- module text -->\n<div  class=\"module module-text tb_y51n493   \" data-lazy=\"1\">\n        <div  class=\"tb_text_wrap\">\n        <h4>Info<\/h4>    <\/div>\n<\/div>\n<!-- \/module text --><!-- module divider -->\n<div  class=\"module tf_mw module-divider tb_v90r493 solid  divider-custom divider-left\" style=\"border-width: 1px;border-color: rgba(255,255,255, 0.50);margin-top: 5px;margin-bottom: 13px;max-width: 50px;\" data-lazy=\"1\">\n    <\/div>\n<!-- \/module divider -->\n<!-- module icon -->\n<div  class=\"module module-icon tb_t1r5493    icon_vertical \" data-lazy=\"1\">\n\t\t\t<div class=\"module-icon-item\">\n\t\t\t\t\t\t\t<a href=\"tel:+34660633662\">\n\t\t\t\t\t\t\t\t\t\t\t\t\t\t\t\t\t<em class=\"tf_box\"\n\t\t\t\t\t\t\t\t\t\t\t\t style=\"background-color:#0565af;color:#edf3ff\"\t\t\t\t\t><svg  class=\"tf_fa tf-fas-phone\" xmlns:xlink=\"http:\/\/www.w3.org\/1999\/xlink\" aria-hidden=\"true\"><use href=\"#tf-fas-phone\" xlink:href=\"#tf-fas-phone\"><\/use><\/svg><\/em>\n\t\t\t\t\t\t\t\t\t\t\t\t\t\t\t\t\t\t\t<span>+34 660 \/ 633 662<\/span>\n\t\t\t\t\t\t\t\t\t\t\t\t\t\t\t\t\t<\/a>\n\t\t\t\t\t<\/div>\n\t\t\t<div class=\"module-icon-item\">\n\t\t\t\t\t\t\t\t\t\t\t\t\t\t\t\t<em class=\"tf_box\"\n\t\t\t\t\t\t\t\t\t\t\t\t style=\"background-color:#0565af;color:#edf3ff\"\t\t\t\t\t><svg  class=\"tf_fa tf-far-envelope\" xmlns:xlink=\"http:\/\/www.w3.org\/1999\/xlink\" aria-hidden=\"true\"><use href=\"#tf-far-envelope\" xlink:href=\"#tf-far-envelope\"><\/use><\/svg><\/em>\n\t\t\t\t\t\t\t\t\t\t\t\t\t\t\t\t\t\t\t<span>info@villa-felosta.com<\/span>\n\t\t\t\t\t\t\t\t\t\t\t\t\t\t\t<\/div>\n\t<\/div>\n<!-- \/module icon -->\n        <\/div>\n                    <div  data-lazy=\"1\" class=\"module_column sub_column tb_wcd1493 last\">\n                    <!-- module text -->\n<div  class=\"module module-text tb_b1im493   \" data-lazy=\"1\">\n        <div  class=\"tb_text_wrap\">\n        <h4>Direcci\u00f3n<\/h4>    <\/div>\n<\/div>\n<!-- \/module text --><!-- module divider -->\n<div  class=\"module tf_mw module-divider tb_3jmi493 solid  divider-custom divider-left\" style=\"border-width: 1px;border-color: rgba(255,255,255, 0.50);margin-top: 5px;margin-bottom: 13px;max-width: 50px;\" data-lazy=\"1\">\n    <\/div>\n<!-- \/module divider -->\n<!-- module text -->\n<div  class=\"module module-text tb_ujm5493   \" data-lazy=\"1\">\n        <div  class=\"tb_text_wrap\">\n        <p>Villa Felostal<br>Carrer Llu\u00eds Ripoll 16<br>07007 Palma<\/p>    <\/div>\n<\/div>\n<!-- \/module text -->        <\/div>\n                    <\/div>\n                <\/div>\n                    <div  data-lazy=\"1\" class=\"module_column tb-column col4-2 tb_a1m9493 last\">\n                    <!-- module contact -->\n<div  id=\"tb_lrjp493\" class=\"module module-contact tb_lrjp493 contact-style1 \" data-lazy=\"1\">\n    \n\t<form class=\"builder-contact\"\n\t\tid=\"tb_lrjp493-form\"\n\t\tmethod=\"post\"\n\t\tdata-post-id=\"2507\"\n\t\tdata-element-id=\"lrjp493\"\n\t\tdata-orig-id=\"1792\"\n\t>\n    <div class=\"contact-message\"><\/div>\n\t<input type=\"hidden\" id=\"bc_nonce\" name=\"bc_nonce\" value=\"149b045402\" \/><input type=\"hidden\" name=\"_wp_http_referer\" value=\"\/es\/wp-json\/wp\/v2\/pages\/1792\" \/>\t<div class=\"builder-contact-fields tf_rel\">\n\t\t    \t\t    <div class=\"builder-contact-field builder-contact-field-name builder-contact-text-field\">\n\t\t\t    <label class=\"control-label\" for=\"tb_lrjp493-contact-name\">\n\t\t\t\t\t\t\t\t\t\t<span class=\"tb-label-span\">Nombre <\/span><span class=\"required\">*<\/span>\t\t\t\t<\/label>\n\t\t\t    <div class=\"control-input tf_rel\">\n\t\t\t\t    \t\t\t\t\t    <input type=\"text\" name=\"contact-name\" placeholder=\"\" id=\"tb_lrjp493-contact-name\" value=\"\" class=\"form-control\" required>\n\t\t\t\t    \t\t\t\t    \t\t\t    <\/div>\n\t\t<\/div>\n\t    \n\t\t    \t\t    <div class=\"builder-contact-field builder-contact-field-email builder-contact-text-field\">\n\t\t\t    <label class=\"control-label\" for=\"tb_lrjp493-contact-email\">\n\t\t\t\t\t\t\t\t\t\t<span class=\"tb-label-span\">Email <\/span><span class=\"required\">*<\/span>\t\t\t\t<\/label>\n\t\t\t    <div class=\"control-input tf_rel\">\n\t\t\t\t    \t\t\t\t\t    <input type=\"email\" name=\"contact-email\" placeholder=\"\" id=\"tb_lrjp493-contact-email\" value=\"\" class=\"form-control\" required>\n\t\t\t\t    \t\t\t\t    \t\t\t    <\/div>\n\t\t<\/div>\n\t    \n\t\t    \t\t    <div class=\"builder-contact-field builder-contact-field-subject builder-contact-text-field\">\n\t\t\t    <label class=\"control-label\" for=\"tb_lrjp493-contact-subject\">\n\t\t\t\t\t\t\t\t\t\t<span class=\"tb-label-span\">Tema <\/span><span class=\"required\">*<\/span>\t\t\t\t<\/label>\n\t\t\t    <div class=\"control-input tf_rel\">\n\t\t\t\t    \t\t\t\t\t    <input type=\"text\" name=\"contact-subject\" placeholder=\"\" id=\"tb_lrjp493-contact-subject\" value=\"\" class=\"form-control\" required>\n\t\t\t\t    \t\t\t\t    \t\t\t    <\/div>\n\t\t<\/div>\n\t    \n\t\t    \t\t    <div class=\"builder-contact-field builder-contact-field-message builder-contact-textarea-field\">\n\t\t\t    <label class=\"control-label\" for=\"tb_lrjp493-contact-message\">\n\t\t\t\t\t\t\t\t\t\t<span class=\"tb-label-span\">Mensaje <\/span>\t\t\t\t<\/label>\n\t\t\t    <div class=\"control-input tf_rel\">\n\t\t\t\t    \t\t\t\t\t    <textarea name=\"contact-message\" placeholder=\"\" id=\"tb_lrjp493-contact-message\" class=\"form-control\"><\/textarea>\n\t\t\t\t    \t\t\t\t    \t\t\t    <\/div>\n\t\t<\/div>\n\t    \n\t\t    \t\t\n\t\t\t\t\t<div class=\"builder-contact-field builder-contact-field-gdpr\">\n\t\t\t\t<div class=\"control-label\">\n\t\t\t\t\t<div class=\"control-input tf_rel\">\n\t\t\t\t\t\t<label class=\"field-gdpr\">\n\t\t\t\t\t\t\t<input type=\"checkbox\" name=\"gdpr\" value=\"1\" required>\n\t\t\t\t\t\t\t<span>He le\u00eddo la pol\u00edtica de privacidad y estoy de acuerdo con el tratamiento de mis datos con el fin de contactarme.<\/span>\n\t\t\t\t\t\t\t<span class=\"required\">*<\/span>\n\t\t\t\t\t\t<\/label>\n\t\t\t\t\t<\/div>\n\t\t\t\t<\/div>\n\t\t\t<\/div>\n\t\t\n\t    \n\t    <div class=\"builder-contact-field builder-contact-field-send control-input tf_textc tf_clear tf_rel\">\n\t\t\t<button type=\"submit\" class=\"btn btn-primary\">\n\t\t\t\t<span class=\"tf_loader\"><\/span>\t\t\t\t<span class=\"tf_submit_icon\"><\/span> \n\t\t\t\tEnviar\t\t\t<\/button>\n\t    <\/div>\n\t<\/div>\n    <\/form>\n    <\/div>\n<!-- \/module contact -->\n        <\/div>\n                        <\/div>\n        <\/div>\n            <\/div>\n<!--\/themify_builder_content--><\/div>\n<\/div>\n<!-- \/module template_part -->        <\/div>\n                        <\/div>\n        <\/div>\n        <\/div>\n<!--\/themify_builder_content-->","protected":false},"excerpt":{"rendered":"<p>Impressum Betreiber Michelle Moews Anschrift Y2653984MCarrer Llu\u00eds Ripoll 1607007 Palma Tel.:\u00a0+34 660 633 662 Kontakt info@villa-felostal.com Konzeption und Gestaltung der WebsiteKlappe Action Noch Fragen? Kontaktieren Sie uns einfach. Ihre Meinung ist uns wichtig. Egal ob es sich um eine Frage oder eine Anregugn handelt, wir sind f\u00fcr Sie da. Sie k\u00f6nnen uns gerne anrufen, per [&hellip;]<\/p>\n","protected":false},"author":1,"featured_media":0,"parent":0,"menu_order":0,"comment_status":"closed","ping_status":"closed","template":"","meta":{"footnotes":""},"class_list":["post-1792","page","type-page","status-publish","hentry","has-post-title","has-post-date","has-post-category","has-post-tag","has-post-comment","has-post-author",""],"yoast_head":"<!-- This site is optimized with the Yoast SEO plugin v27.4 - https:\/\/yoast.com\/product\/yoast-seo-wordpress\/ -->\n<title>Impressum - Villa Felostal<\/title>\n<meta name=\"robots\" content=\"index, follow, max-snippet:-1, max-image-preview:large, max-video-preview:-1\" \/>\n<link rel=\"canonical\" href=\"https:\/\/villa-felostal.com\/es\/impressum\/\" \/>\n<meta property=\"og:locale\" content=\"es_ES\" \/>\n<meta property=\"og:type\" content=\"article\" \/>\n<meta property=\"og:title\" content=\"Impressum - Villa Felostal\" \/>\n<meta property=\"og:description\" content=\"Impressum Betreiber Michelle Moews Anschrift Y2653984MCarrer Llu\u00eds Ripoll 1607007 Palma Tel.:\u00a0+34 660 633 662 Kontakt info@villa-felostal.com Konzeption und Gestaltung der WebsiteKlappe Action Noch Fragen? Kontaktieren Sie uns einfach. Ihre Meinung ist uns wichtig. Egal ob es sich um eine Frage oder eine Anregugn handelt, wir sind f\u00fcr Sie da. Sie k\u00f6nnen uns gerne anrufen, per [&hellip;]\" \/>\n<meta property=\"og:url\" content=\"https:\/\/villa-felostal.com\/es\/impressum\/\" \/>\n<meta property=\"og:site_name\" content=\"Villa Felostal\" \/>\n<meta property=\"article:publisher\" content=\"https:\/\/www.facebook.com\/groups\/191549954538735\/user\/1329354295\/\" \/>\n<meta name=\"twitter:card\" content=\"summary_large_image\" \/>\n<meta name=\"twitter:label1\" content=\"Tiempo de lectura\" \/>\n\t<meta name=\"twitter:data1\" content=\"1 minuto\" \/>\n<script type=\"application\/ld+json\" class=\"yoast-schema-graph\">{\"@context\":\"https:\\\/\\\/schema.org\",\"@graph\":[{\"@type\":\"WebPage\",\"@id\":\"https:\\\/\\\/villa-felostal.com\\\/es\\\/impressum\\\/\",\"url\":\"https:\\\/\\\/villa-felostal.com\\\/es\\\/impressum\\\/\",\"name\":\"Impressum - Villa Felostal\",\"isPartOf\":{\"@id\":\"https:\\\/\\\/villa-felostal.com\\\/es\\\/#website\"},\"datePublished\":\"2022-08-18T22:04:08+00:00\",\"breadcrumb\":{\"@id\":\"https:\\\/\\\/villa-felostal.com\\\/es\\\/impressum\\\/#breadcrumb\"},\"inLanguage\":\"es\",\"potentialAction\":[{\"@type\":\"ReadAction\",\"target\":[\"https:\\\/\\\/villa-felostal.com\\\/es\\\/impressum\\\/\"]}]},{\"@type\":\"BreadcrumbList\",\"@id\":\"https:\\\/\\\/villa-felostal.com\\\/es\\\/impressum\\\/#breadcrumb\",\"itemListElement\":[{\"@type\":\"ListItem\",\"position\":1,\"name\":\"Startseite\",\"item\":\"https:\\\/\\\/villa-felostal.com\\\/es\\\/\"},{\"@type\":\"ListItem\",\"position\":2,\"name\":\"Impressum\"}]},{\"@type\":\"WebSite\",\"@id\":\"https:\\\/\\\/villa-felostal.com\\\/es\\\/#website\",\"url\":\"https:\\\/\\\/villa-felostal.com\\\/es\\\/\",\"name\":\"Villa Felostal\",\"description\":\"Ferienh\u00e4user auf Mallorca\",\"publisher\":{\"@id\":\"https:\\\/\\\/villa-felostal.com\\\/es\\\/#organization\"},\"potentialAction\":[{\"@type\":\"SearchAction\",\"target\":{\"@type\":\"EntryPoint\",\"urlTemplate\":\"https:\\\/\\\/villa-felostal.com\\\/es\\\/?s={search_term_string}\"},\"query-input\":{\"@type\":\"PropertyValueSpecification\",\"valueRequired\":true,\"valueName\":\"search_term_string\"}}],\"inLanguage\":\"es\"},{\"@type\":\"Organization\",\"@id\":\"https:\\\/\\\/villa-felostal.com\\\/es\\\/#organization\",\"name\":\"Villa Felostal\",\"url\":\"https:\\\/\\\/villa-felostal.com\\\/es\\\/\",\"logo\":{\"@type\":\"ImageObject\",\"inLanguage\":\"es\",\"@id\":\"https:\\\/\\\/villa-felostal.com\\\/es\\\/#\\\/schema\\\/logo\\\/image\\\/\",\"url\":\"https:\\\/\\\/villa-felostal.com\\\/wp-content\\\/uploads\\\/2022\\\/05\\\/cropped-villafelostal_logo_rework-1.png\",\"contentUrl\":\"https:\\\/\\\/villa-felostal.com\\\/wp-content\\\/uploads\\\/2022\\\/05\\\/cropped-villafelostal_logo_rework-1.png\",\"width\":512,\"height\":512,\"caption\":\"Villa Felostal\"},\"image\":{\"@id\":\"https:\\\/\\\/villa-felostal.com\\\/es\\\/#\\\/schema\\\/logo\\\/image\\\/\"},\"sameAs\":[\"https:\\\/\\\/www.facebook.com\\\/groups\\\/191549954538735\\\/user\\\/1329354295\\\/\"]}]}<\/script>\n<!-- \/ Yoast SEO plugin. -->","yoast_head_json":{"title":"Impressum - Villa Felostal","robots":{"index":"index","follow":"follow","max-snippet":"max-snippet:-1","max-image-preview":"max-image-preview:large","max-video-preview":"max-video-preview:-1"},"canonical":"https:\/\/villa-felostal.com\/es\/impressum\/","og_locale":"es_ES","og_type":"article","og_title":"Impressum - Villa Felostal","og_description":"Impressum Betreiber Michelle Moews Anschrift Y2653984MCarrer Llu\u00eds Ripoll 1607007 Palma Tel.:\u00a0+34 660 633 662 Kontakt info@villa-felostal.com Konzeption und Gestaltung der WebsiteKlappe Action Noch Fragen? Kontaktieren Sie uns einfach. Ihre Meinung ist uns wichtig. Egal ob es sich um eine Frage oder eine Anregugn handelt, wir sind f\u00fcr Sie da. Sie k\u00f6nnen uns gerne anrufen, per [&hellip;]","og_url":"https:\/\/villa-felostal.com\/es\/impressum\/","og_site_name":"Villa Felostal","article_publisher":"https:\/\/www.facebook.com\/groups\/191549954538735\/user\/1329354295\/","twitter_card":"summary_large_image","twitter_misc":{"Tiempo de lectura":"1 minuto"},"schema":{"@context":"https:\/\/schema.org","@graph":[{"@type":"WebPage","@id":"https:\/\/villa-felostal.com\/es\/impressum\/","url":"https:\/\/villa-felostal.com\/es\/impressum\/","name":"Impressum - Villa Felostal","isPartOf":{"@id":"https:\/\/villa-felostal.com\/es\/#website"},"datePublished":"2022-08-18T22:04:08+00:00","breadcrumb":{"@id":"https:\/\/villa-felostal.com\/es\/impressum\/#breadcrumb"},"inLanguage":"es","potentialAction":[{"@type":"ReadAction","target":["https:\/\/villa-felostal.com\/es\/impressum\/"]}]},{"@type":"BreadcrumbList","@id":"https:\/\/villa-felostal.com\/es\/impressum\/#breadcrumb","itemListElement":[{"@type":"ListItem","position":1,"name":"Startseite","item":"https:\/\/villa-felostal.com\/es\/"},{"@type":"ListItem","position":2,"name":"Impressum"}]},{"@type":"WebSite","@id":"https:\/\/villa-felostal.com\/es\/#website","url":"https:\/\/villa-felostal.com\/es\/","name":"Villa Felostal","description":"Ferienh\u00e4user auf Mallorca","publisher":{"@id":"https:\/\/villa-felostal.com\/es\/#organization"},"potentialAction":[{"@type":"SearchAction","target":{"@type":"EntryPoint","urlTemplate":"https:\/\/villa-felostal.com\/es\/?s={search_term_string}"},"query-input":{"@type":"PropertyValueSpecification","valueRequired":true,"valueName":"search_term_string"}}],"inLanguage":"es"},{"@type":"Organization","@id":"https:\/\/villa-felostal.com\/es\/#organization","name":"Villa Felostal","url":"https:\/\/villa-felostal.com\/es\/","logo":{"@type":"ImageObject","inLanguage":"es","@id":"https:\/\/villa-felostal.com\/es\/#\/schema\/logo\/image\/","url":"https:\/\/villa-felostal.com\/wp-content\/uploads\/2022\/05\/cropped-villafelostal_logo_rework-1.png","contentUrl":"https:\/\/villa-felostal.com\/wp-content\/uploads\/2022\/05\/cropped-villafelostal_logo_rework-1.png","width":512,"height":512,"caption":"Villa Felostal"},"image":{"@id":"https:\/\/villa-felostal.com\/es\/#\/schema\/logo\/image\/"},"sameAs":["https:\/\/www.facebook.com\/groups\/191549954538735\/user\/1329354295\/"]}]}},"builder_content":"<h1 style=\"text-align: center;\">Impressum<\/h1>\n<h2 style=\"text-align: center;\">Operador<\/h2> <p style=\"text-align: center;\">Michelle Moews<\/p> <h2 style=\"text-align: center;\">Direcci\u00f3n<\/h2> <p style=\"text-align: center;\">Y2653984M<br>Carrer Llu\u00eds Ripoll 16<br>07007 Palma<\/p> <p style=\"text-align: center;\">Tel.: <a href=\"tel:+34660633662\" target=\"_blank\" rel=\"noreferrer noopener\">+34 660 633 662<\/a><\/p> <h2 style=\"text-align: center;\">Contacto<\/h2> <p style=\"text-align: center;\"><a href=\"mailto:info@villa-felostal.com\">info@villa-felosta.com<\/a><\/p> <p style=\"text-align: center;\">Concepto y dise\u00f1o del sitio web<br><a href=\"http:\/\/www.klappeaction.de\">Klappe Action<\/a><\/p>","_links":{"self":[{"href":"https:\/\/villa-felostal.com\/es\/wp-json\/wp\/v2\/pages\/1792","targetHints":{"allow":["GET"]}}],"collection":[{"href":"https:\/\/villa-felostal.com\/es\/wp-json\/wp\/v2\/pages"}],"about":[{"href":"https:\/\/villa-felostal.com\/es\/wp-json\/wp\/v2\/types\/page"}],"author":[{"embeddable":true,"href":"https:\/\/villa-felostal.com\/es\/wp-json\/wp\/v2\/users\/1"}],"replies":[{"embeddable":true,"href":"https:\/\/villa-felostal.com\/es\/wp-json\/wp\/v2\/comments?post=1792"}],"version-history":[{"count":1,"href":"https:\/\/villa-felostal.com\/es\/wp-json\/wp\/v2\/pages\/1792\/revisions"}],"predecessor-version":[{"id":1793,"href":"https:\/\/villa-felostal.com\/es\/wp-json\/wp\/v2\/pages\/1792\/revisions\/1793"}],"wp:attachment":[{"href":"https:\/\/villa-felostal.com\/es\/wp-json\/wp\/v2\/media?parent=1792"}],"curies":[{"name":"wp","href":"https:\/\/api.w.org\/{rel}","templated":true}]}}